{"id":8,"date":"2015-07-19T16:00:59","date_gmt":"2015-07-19T16:00:59","guid":{"rendered":"https:\/\/premaro.ee\/?page_id=8"},"modified":"2023-05-31T12:20:52","modified_gmt":"2023-05-31T12:20:52","slug":"ettevottest","status":"publish","type":"page","link":"https:\/\/premaro.ee\/fi\/ettevottest\/","title":{"rendered":"Yritys"},"content":{"rendered":"<h4>Premaro O\u00dc aloitti toimintansa vuonna 2008. Olemme toimintakautemme aikana tarjonneet laadukkaita rakennuspalveluita sadoille asiakkaille. Rakentamiamme taloja l\u00f6ytyy Virosta, Norjasta, Suomesta ja Ruotsista.<\/h4>\n<h4>P\u00e4\u00e4tavoitteemme on saavuttaa asiakastyytyv\u00e4isyys ammattitaidolla ty\u00f6h\u00f6n. Pyrimme aina l\u00f6yt\u00e4m\u00e4\u00e4n parhaan ratkaisun.<\/h4>\n<p><img decoding=\"async\" loading=\"lazy\" class=\"aligncenter wp-image-167 size-full\" src=\"https:\/\/premaro.ee\/wp-content\/uploads\/2023\/05\/landscape_b.png\" alt=\"\" width=\"280\" height=\"75\" srcset=\"https:\/\/premaro.ee\/wp-content\/uploads\/2023\/05\/landscape_b.png 280w, https:\/\/premaro.ee\/wp-content\/uploads\/2023\/05\/landscape_b-18x5.png 18w\" sizes=\"(max-width: 280px) 100vw, 280px\" \/><\/p>","protected":false},"excerpt":{"rendered":"<p>Premaro O\u00dc alustas oma tegevust aastal 2008. Oma tegevusaja jooksul oleme pakkunud kvaliteetset ehitusteenust sadadele kliendile. Meie poolt ehitatud maju leiab nii Eestist, Norrast, Soomest kui ka Rootsist. Meie peamine eesm\u00e4rk on klientide rahulolu saavutamine l\u00e4bi professionaalse suhtumise oma t\u00f6\u00f6sse. P\u00fc\u00fcame alati leida parima lahenduse.<\/p>","protected":false},"author":1,"featured_media":0,"parent":0,"menu_order":0,"comment_status":"closed","ping_status":"open","template":"","meta":[],"_links":{"self":[{"href":"https:\/\/premaro.ee\/fi\/wp-json\/wp\/v2\/pages\/8"}],"collection":[{"href":"https:\/\/premaro.ee\/fi\/wp-json\/wp\/v2\/pages"}],"about":[{"href":"https:\/\/premaro.ee\/fi\/wp-json\/wp\/v2\/types\/page"}],"author":[{"embeddable":true,"href":"https:\/\/premaro.ee\/fi\/wp-json\/wp\/v2\/users\/1"}],"replies":[{"embeddable":true,"href":"https:\/\/premaro.ee\/fi\/wp-json\/wp\/v2\/comments?post=8"}],"version-history":[{"count":7,"href":"https:\/\/premaro.ee\/fi\/wp-json\/wp\/v2\/pages\/8\/revisions"}],"predecessor-version":[{"id":168,"href":"https:\/\/premaro.ee\/fi\/wp-json\/wp\/v2\/pages\/8\/revisions\/168"}],"wp:attachment":[{"href":"https:\/\/premaro.ee\/fi\/wp-json\/wp\/v2\/media?parent=8"}],"curies":[{"name":"wp","href":"https:\/\/api.w.org\/{rel}","templated":true}]}}