{"id":10,"date":"2015-07-19T16:02:19","date_gmt":"2015-07-19T16:02:19","guid":{"rendered":"https:\/\/premaro.ee\/?page_id=10"},"modified":"2015-07-21T07:40:00","modified_gmt":"2015-07-21T07:40:00","slug":"teenused","status":"publish","type":"page","link":"https:\/\/premaro.ee\/fi\/teenused\/","title":{"rendered":"Palvelut"},"content":{"rendered":"<h4>Vundamendid<\/h4>\n<h4>Elementmajade p\u00fcstitus<\/h4>\n<h4>\u00dcldehitust\u00f6\u00f6d<\/h4>\n<h4>Siset\u00f6\u00f6d (k.a maalrit\u00f6\u00f6d, plaatimist\u00f6\u00f6d)<\/h4>\n<h4>Sisekujundus<\/h4>\n<h4>Ehitusalased konsultatsioonid<\/h4>\n<h4>T\u00f6\u00f6j\u00f5u rent<\/h4>","protected":false},"excerpt":{"rendered":"<p>Vundamendid Elementmajade p\u00fcstitus \u00dcldehitust\u00f6\u00f6d Siset\u00f6\u00f6d (k.a maalrit\u00f6\u00f6d, plaatimist\u00f6\u00f6d) Sisekujundus Ehitusalased konsultatsioonid T\u00f6\u00f6j\u00f5u rent<\/p>","protected":false},"author":1,"featured_media":0,"parent":0,"menu_order":0,"comment_status":"closed","ping_status":"open","template":"","meta":[],"_links":{"self":[{"href":"https:\/\/premaro.ee\/fi\/wp-json\/wp\/v2\/pages\/10"}],"collection":[{"href":"https:\/\/premaro.ee\/fi\/wp-json\/wp\/v2\/pages"}],"about":[{"href":"https:\/\/premaro.ee\/fi\/wp-json\/wp\/v2\/types\/page"}],"author":[{"embeddable":true,"href":"https:\/\/premaro.ee\/fi\/wp-json\/wp\/v2\/users\/1"}],"replies":[{"embeddable":true,"href":"https:\/\/premaro.ee\/fi\/wp-json\/wp\/v2\/comments?post=10"}],"version-history":[{"count":6,"href":"https:\/\/premaro.ee\/fi\/wp-json\/wp\/v2\/pages\/10\/revisions"}],"predecessor-version":[{"id":56,"href":"https:\/\/premaro.ee\/fi\/wp-json\/wp\/v2\/pages\/10\/revisions\/56"}],"wp:attachment":[{"href":"https:\/\/premaro.ee\/fi\/wp-json\/wp\/v2\/media?parent=10"}],"curies":[{"name":"wp","href":"https:\/\/api.w.org\/{rel}","templated":true}]}}